{"id":5906,"date":"2019-01-23T13:01:50","date_gmt":"2019-01-23T12:01:50","guid":{"rendered":"https:\/\/hornigold.pl\/?page_id=5906"},"modified":"2019-12-04T12:45:59","modified_gmt":"2019-12-04T11:45:59","slug":"wellness-spa","status":"publish","type":"page","link":"https:\/\/hornigold.pl\/?page_id=5906","title":{"rendered":"Wellness &#038; SPA"},"content":{"rendered":"<div class=\"wpb-content-wrapper\"><p>[vc_row css=&#8221;.vc_custom_1559929074263{margin-top: -150px !important;}&#8221;][vc_column][rev_slider_vc alias=&#8221;wellness&#8221;][\/vc_column][\/vc_row][vc_row content_width=&#8221;grid&#8221; css=&#8221;.vc_custom_1559929793816{margin-top: 100px !important;margin-bottom: 100px !important;}&#8221;][vc_column width=&#8221;1\/2&#8243;][vc_column_text]<\/p>\n<p style=\"text-align: justify;\">Strefa odpoczynku i relaksu w Hornigold do Pa\u0144stwa dyspozycji oddaje saun\u0119, jacuzzi oraz pok\u00f3j masa\u017cu, w kt\u00f3rych pobyt przywr\u00f3ci utracon\u0105 harmoni\u0119, z\u0142agodzi stres i napi\u0119cie nerwowe.<\/p>\n<p style=\"text-align: justify;\">Recepcja ch\u0119tnie udzieli wi\u0119cej informacji i zarezerwuje dla Pa\u0144stwa odpowiedni termin.<\/p>\n<p style=\"text-align: justify;\">Prosimy o kontakt telefoniczny +48 608 662 707 lub mailowy: hornigold@hornigold.pl<\/p>\n<p style=\"text-align: justify;\">Informujemy, \u017ce ze strefy odpoczynku i \u00a0relaksu mog\u0105 korzysta\u0107 tylko Go\u015bcie wynajmuj\u0105cy pok\u00f3j lub apartament w naszym obiekcie.<\/p>\n<p>[\/vc_column_text][\/vc_column][vc_column width=&#8221;1\/2&#8243;][vc_gallery type=&#8221;image_grid&#8221; images=&#8221;6465,6466,6468,6464&#8243; img_size=&#8221;medium&#8221;][\/vc_column][\/vc_row][vc_row content_width=&#8221;grid&#8221; css=&#8221;.vc_custom_1559929799171{margin-bottom: 100px !important;}&#8221;][vc_column width=&#8221;1\/3&#8243;]<div class=\"edgtf-elements-holder edgtf-responsive-mode-768\" ><div class=\"edgtf-elements-holder-item edgtf-horizontal-alignment-center edgtf-fade-in edgtf-animate-image\" data-animation=\"edgtf-fade-in\" >\n\t<div class=\"edgtf-elements-holder-item-background\" style=\"background-image: url(https:\/\/hornigold.pl\/wp-content\/uploads\/2019\/06\/sauna.jpg)\"><\/div>\n\t<div class=\"edgtf-elements-holder-item-inner\">\n\t\t<div class=\"edgtf-elements-holder-item-content edgtf-elements-holder-custom-496870\" >\n\t\t\t\t\t\t[vc_empty_space height=&#8221;100px&#8221;][vc_column_text]<\/p>\n<h3 style=\"text-align: center;\"><span style=\"color: #ffffff;\">SAUNA<\/span><\/h3>\n<p>[\/vc_column_text][vc_empty_space height=&#8221;100px&#8221;]\t\t\t\t\t<\/div>\n\t<\/div>\n<\/div><\/div>[\/vc_column][vc_column width=&#8221;1\/3&#8243;]<div class=\"edgtf-elements-holder edgtf-responsive-mode-768\" ><div class=\"edgtf-elements-holder-item edgtf-horizontal-alignment-center edgtf-fade-in edgtf-animate-image\" data-animation=\"edgtf-fade-in\" >\n\t<div class=\"edgtf-elements-holder-item-background\" style=\"background-image: url(https:\/\/hornigold.pl\/wp-content\/uploads\/2019\/06\/jacuzzi.jpg)\"><\/div>\n\t<div class=\"edgtf-elements-holder-item-inner\">\n\t\t<div class=\"edgtf-elements-holder-item-content edgtf-elements-holder-custom-501202\" >\n\t\t\t\t\t\t[vc_empty_space height=&#8221;100px&#8221;][vc_column_text]<\/p>\n<h3 style=\"text-align: center;\"><span style=\"color: #ffffff;\">JACUZZI<\/span><\/h3>\n<p>[\/vc_column_text][vc_empty_space height=&#8221;100px&#8221;]\t\t\t\t\t<\/div>\n\t<\/div>\n<\/div><\/div>[\/vc_column][vc_column width=&#8221;1\/3&#8243;]<div class=\"edgtf-elements-holder edgtf-responsive-mode-768\" ><div class=\"edgtf-elements-holder-item edgtf-horizontal-alignment-center edgtf-fade-in edgtf-animate-image\" data-animation=\"edgtf-fade-in\" >\n\t<div class=\"edgtf-elements-holder-item-background\" style=\"background-image: url(https:\/\/hornigold.pl\/wp-content\/uploads\/2019\/06\/masaz.jpg)\"><\/div>\n\t<div class=\"edgtf-elements-holder-item-inner\">\n\t\t<div class=\"edgtf-elements-holder-item-content edgtf-elements-holder-custom-303710\" >\n\t\t\t\t\t\t[vc_empty_space height=&#8221;100px&#8221;][vc_column_text]<\/p>\n<h3 style=\"text-align: center;\"><span style=\"color: #ffffff;\">POK\u00d3J MASA\u017bU<br \/>\n<\/span><\/h3>\n<p>[\/vc_column_text][vc_empty_space height=&#8221;100px&#8221;]\t\t\t\t\t<\/div>\n\t<\/div>\n<\/div><\/div>[\/vc_column][\/vc_row]<\/p>\n<\/div>","protected":false},"excerpt":{"rendered":"<p>[vc_row css=&#8221;.vc_custom_1559929074263{margin-top: -150px !important;}&#8221;][vc_column][rev_slider_vc alias=&#8221;wellness&#8221;][\/vc_column][\/vc_row][vc_row content_width=&#8221;grid&#8221; css=&#8221;.vc_custom_1559929793816{margin-top: 100px !important;margin-bottom: 100px !important;}&#8221;][vc_column width=&#8221;1\/2&#8243;][vc_column_text] Strefa odpoczynku i relaksu w Hornigold do Pa\u0144stwa dyspozycji oddaje saun\u0119, jacuzzi oraz pok\u00f3j masa\u017cu, w kt\u00f3rych pobyt przywr\u00f3ci utracon\u0105 harmoni\u0119, z\u0142agodzi stres i napi\u0119cie nerwowe. Recepcja ch\u0119tnie udzieli wi\u0119cej informacji i zarezerwuje&#8230;<\/p>\n","protected":false},"author":9,"featured_media":0,"parent":0,"menu_order":0,"comment_status":"closed","ping_status":"open","template":"full-width.php","meta":{"footnotes":""},"class_list":["post-5906","page","type-page","status-publish","hentry"],"_links":{"self":[{"href":"https:\/\/hornigold.pl\/index.php?rest_route=\/wp\/v2\/pages\/5906","targetHints":{"allow":["GET"]}}],"collection":[{"href":"https:\/\/hornigold.pl\/index.php?rest_route=\/wp\/v2\/pages"}],"about":[{"href":"https:\/\/hornigold.pl\/index.php?rest_route=\/wp\/v2\/types\/page"}],"author":[{"embeddable":true,"href":"https:\/\/hornigold.pl\/index.php?rest_route=\/wp\/v2\/users\/9"}],"replies":[{"embeddable":true,"href":"https:\/\/hornigold.pl\/index.php?rest_route=%2Fwp%2Fv2%2Fcomments&post=5906"}],"version-history":[{"count":0,"href":"https:\/\/hornigold.pl\/index.php?rest_route=\/wp\/v2\/pages\/5906\/revisions"}],"wp:attachment":[{"href":"https:\/\/hornigold.pl\/index.php?rest_route=%2Fwp%2Fv2%2Fmedia&parent=5906"}],"curies":[{"name":"wp","href":"https:\/\/api.w.org\/{rel}","templated":true}]}}