{"id":5977,"date":"2019-02-04T11:58:05","date_gmt":"2019-02-04T10:58:05","guid":{"rendered":"https:\/\/hornigold.pl\/?page_id=5977"},"modified":"2019-12-04T16:13:02","modified_gmt":"2019-12-04T15:13:02","slug":"konferencje","status":"publish","type":"page","link":"https:\/\/hornigold.pl\/?page_id=5977","title":{"rendered":"Konferencje"},"content":{"rendered":"<div class=\"wpb-content-wrapper\"><p>[vc_row css=&#8221;.vc_custom_1559931614021{margin-top: -150px !important;}&#8221;][vc_column][rev_slider_vc alias=&#8221;konferencje&#8221;][\/vc_column][\/vc_row][vc_row content_width=&#8221;grid&#8221; css=&#8221;.vc_custom_1559931629216{margin-top: 100px !important;margin-bottom: 100px !important;}&#8221;][vc_column width=&#8221;1\/2&#8243;][vc_column_text]<\/p>\n<h3>Zapraszamy do skorzystania z us\u0142ug konferencyjnych Hornigold<\/h3>\n<p>&nbsp;<\/p>\n<p>To wyj\u0105tkowo profesjonalne miejsce dla organizacji spotka\u0144 biznesowych, warsztat\u00f3w, szkole\u0144.<\/p>\n<p><strong>Zapewnimy:<\/strong><\/p>\n<ul>\n<li>noclegi w wygodnych pokojach i apartamentach<\/li>\n<li>presti\u017cow\u0105 lokalizacj\u0119 w centrum Katowic<\/li>\n<li>sale konferencyjne (powierzchnie: 40 m2 oraz 60 m2 z mo\u017cliwo\u015bci\u0105 ich po\u0142\u0105czenia 100 m2)<\/li>\n<li>profesjonalne wyposa\u017cenie sal konferencyjnych: projektor full HD (jasno\u015b\u0107 400 lumen\u00f3w, rozdzielczo\u015b\u0107 1920 x 1080), nag\u0142o\u015bnienie sufitowe, podzielone na strefy co umo\u017cliwia wydzielenie d\u017awi\u0119ku z mikrofonu i prezentacji na poszczeg\u00f3lne sale,telewizor 53 cale\u00a0 z kablem HDMI<\/li>\n<li>ofert\u0119 przerw kawowych, lunchy, kolacji<\/li>\n<li>bezprzewodowy, bezp\u0142atny Internet WiFi<\/li>\n<li>monitorowany parking na dziedzi\u0144cu obiektu<\/li>\n<li>flipchart<\/li>\n<li>faks, skaner, drukark\u0119 w Recepcji<\/li>\n<\/ul>\n<p>Na ka\u017cde zapytanie odpowiemy uwzgl\u0119dniaj\u0105c gusta i preferencje naszych Go\u015bci. Do Pa\u0144stwa dyspozycji stawiamy nasze do\u015bwiadczenie oraz s\u0142u\u017cymy rad\u0105 i pomoc\u0105.<\/p>\n<p>Prosimy o kontakt z nami mailowo: hornigold@hornigold.pl lub telefonicznie:\u00a0 +48 608 662 707[\/vc_column_text][vc_empty_space height=&#8221;50px&#8221;][vc_column_text]<\/p>\n<h3>Konfiguracja sal<\/h3>\n<p>&nbsp;<\/p>\n<table width=\"90%\">\n<tbody>\n<tr>\n<td style=\"text-align: center;\">Sala konferencyjna<\/td>\n<td style=\"text-align: center;\">powierzchnia<\/td>\n<\/tr>\n<tr>\n<td style=\"text-align: center;\"><strong>Madlen<\/strong><\/td>\n<td style=\"text-align: center;\">40 m<sup>2<\/sup><\/td>\n<\/tr>\n<tr>\n<td style=\"text-align: center;\"><strong>Camila<\/strong><\/td>\n<td style=\"text-align: center;\">60 m<sup>2<\/sup><\/td>\n<\/tr>\n<tr>\n<td style=\"text-align: center;\"><strong>Ana<\/strong><\/td>\n<td style=\"text-align: center;\">100 m<sup>2<\/sup><\/td>\n<\/tr>\n<\/tbody>\n<\/table>\n<p>[\/vc_column_text][\/vc_column][vc_column width=&#8221;1\/2&#8243;][vc_gallery type=&#8221;image_grid&#8221; images=&#8221;6426,6427,6428,6429,6430,6432&#8243; img_size=&#8221;medium&#8221;][\/vc_column][\/vc_row][vc_row][vc_column]<div class=\"edgtf-separator-holder clearfix  edgtf-separator-center edgtf-separator-full-width\">\n\t<div class=\"edgtf-separator\" style=\"border-color: #e5e5e5;border-bottom-width: 1px;margin-top: 20px;margin-bottom: 20px\"><\/div>\n<\/div>\n[\/vc_column][\/vc_row][vc_row content_width=&#8221;grid&#8221; css=&#8221;.vc_custom_1559931629216{margin-top: 100px !important;margin-bottom: 100px !important;}&#8221;][vc_column width=&#8221;1\/2&#8243;][vc_column_text]<\/p>\n<h3>\u015al\u0105ska Prohibicja<\/h3>\n<p>&nbsp;<\/p>\n<p>Hornigold w Zielonej Kamienicy wsp\u00f3\u0142pracuje z restauracj\u0105 \u015al\u0105ska Prohibicja, kt\u00f3ra znajduje si\u0119 w zabytkowym osiedlu robotniczym Nikiszowiec, kt\u00f3ry swoj\u0105 surow\u0105, ale imponuj\u0105c\u0105 infrastruktur\u0105 przyci\u0105ga turyst\u00f3w z ca\u0142ego \u015bwiata. Ze wzgl\u0119du na swoj\u0105 oryginalno\u015b\u0107, doskona\u0142e jedzenie i klimat \u015al\u0105ska Prohibicja to r\u00f3wnie\u017c \u015bwietne miejsce na rozmowy o interesach. Zar\u00f3wno spotkanie biznesowe jak i wi\u0119ksza konferencja bez przeszk\u00f3d mog\u0105 si\u0119 odby\u0107 w jednej z 5 stylowo urz\u0105dzonych sal oferuj\u0105cych swoim go\u015bciom pe\u0142ne zaplecze techniczne w tym obs\u0142ug\u0119 audio \u2013 wideo, nag\u0142o\u015bnienie, projektory, telewizory, wska\u017aniki, plansze multimedialne i scen\u0119.<\/p>\n<p>Najwi\u0119ksza z sal pomie\u015bci nawet do 100 os\u00f3b. Jest to idealne miejsce na du\u017c\u0105 konferencj\u0119, bankiet firmowy czy szkolenie. Restauracja gwarantuje pe\u0142n\u0105 obs\u0142ug\u0119 kelnersk\u0105 i sommeliersk\u0105. Ka\u017cdy pomys\u0142 czy sugestia co do formy organizacji spotkania bran\u017cowego brany jest pod uwag\u0119, obs\u0142uga s\u0142u\u017cy r\u00f3wnie\u017c swoj\u0105 pomoc\u0105 i do\u015bwiadczeniem w organizacji event\u00f3w.<\/p>\n<p>Bardziej intymn\u0105 i kameraln\u0105 atmosfer\u0119 tworz\u0105 mniejsze sale. Idealnie sprawdz\u0105 si\u0119 na organizacj\u0119 lunchu, narad\u0119 z podwykonawcami czy np. rozmow\u0119 rekrutacyjn\u0105 z przysz\u0142ym pracownikiem. R\u00f3wnie\u017c i w tym przypadku go\u015bcie biznesowi mog\u0105 liczy\u0107 na wsparcie, obs\u0142ug\u0119 i dostarczenie potrzebnych materia\u0142\u00f3w wraz z udost\u0119pnieniem zaplecza technicznego. Wszystkie sale s\u0105 nag\u0142o\u015bnione, do\u015bwietlone i klimatyzowane.<\/p>\n<p>Przy restauracji stworzony zosta\u0142 tak\u017ce ogr\u00f3d sezonowy, kt\u00f3ry stanowi \u015bwietn\u0105 przestrze\u0144 do spotka\u0144 integracyjnych. Du\u017cy, zielony, pomys\u0142owo zagospodarowany obszar z widokiem na \u015bl\u0105skie familoki wraz ze specjalnie przygotowanym, lekkim menu oraz profesjonaln\u0105 obs\u0142ug\u0105 z pewno\u015bci\u0105 staje si\u0119 ciekaw\u0105 alternatywn\u0105 dla firm, kt\u00f3re chc\u0105 zapewni\u0107 swoim pracownikom wypoczynek i \u015bwietn\u0105 zabaw\u0119.<\/p>\n<p>[\/vc_column_text][\/vc_column][vc_column width=&#8221;1\/2&#8243;][vc_gallery type=&#8221;image_grid&#8221; images=&#8221;6589,6590,6591,6592&#8243; img_size=&#8221;medium&#8221;][\/vc_column][\/vc_row]<\/p>\n<\/div>","protected":false},"excerpt":{"rendered":"<p>[vc_row css=&#8221;.vc_custom_1559931614021{margin-top: -150px !important;}&#8221;][vc_column][rev_slider_vc alias=&#8221;konferencje&#8221;][\/vc_column][\/vc_row][vc_row content_width=&#8221;grid&#8221; css=&#8221;.vc_custom_1559931629216{margin-top: 100px !important;margin-bottom: 100px !important;}&#8221;][vc_column width=&#8221;1\/2&#8243;][vc_column_text] Zapraszamy do skorzystania z us\u0142ug konferencyjnych Hornigold &nbsp; To wyj\u0105tkowo profesjonalne miejsce dla organizacji spotka\u0144 biznesowych, warsztat\u00f3w, szkole\u0144. Zapewnimy: noclegi w wygodnych pokojach i apartamentach presti\u017cow\u0105 lokalizacj\u0119 w centrum Katowic sale konferencyjne (powierzchnie:&#8230;<\/p>\n","protected":false},"author":9,"featured_media":0,"parent":0,"menu_order":0,"comment_status":"closed","ping_status":"open","template":"full-width.php","meta":{"footnotes":""},"class_list":["post-5977","page","type-page","status-publish","hentry"],"_links":{"self":[{"href":"https:\/\/hornigold.pl\/index.php?rest_route=\/wp\/v2\/pages\/5977","targetHints":{"allow":["GET"]}}],"collection":[{"href":"https:\/\/hornigold.pl\/index.php?rest_route=\/wp\/v2\/pages"}],"about":[{"href":"https:\/\/hornigold.pl\/index.php?rest_route=\/wp\/v2\/types\/page"}],"author":[{"embeddable":true,"href":"https:\/\/hornigold.pl\/index.php?rest_route=\/wp\/v2\/users\/9"}],"replies":[{"embeddable":true,"href":"https:\/\/hornigold.pl\/index.php?rest_route=%2Fwp%2Fv2%2Fcomments&post=5977"}],"version-history":[{"count":0,"href":"https:\/\/hornigold.pl\/index.php?rest_route=\/wp\/v2\/pages\/5977\/revisions"}],"wp:attachment":[{"href":"https:\/\/hornigold.pl\/index.php?rest_route=%2Fwp%2Fv2%2Fmedia&parent=5977"}],"curies":[{"name":"wp","href":"https:\/\/api.w.org\/{rel}","templated":true}]}}