{"id":6637,"date":"2019-12-04T15:50:50","date_gmt":"2019-12-04T14:50:50","guid":{"rendered":"https:\/\/hornigold.pl\/?page_id=6637"},"modified":"2019-12-04T15:52:22","modified_gmt":"2019-12-04T14:52:22","slug":"catering-2","status":"publish","type":"page","link":"https:\/\/hornigold.pl\/?page_id=6637","title":{"rendered":"Catering"},"content":{"rendered":"<div class=\"wpb-content-wrapper\"><p>[vc_row css=&#8221;.vc_custom_1559931614021{margin-top: -150px !important;}&#8221;][vc_column][rev_slider_vc alias=&#8221;catering_en&#8221;][\/vc_column][\/vc_row][vc_row content_width=&#8221;grid&#8221; css=&#8221;.vc_custom_1559931629216{margin-top: 100px !important;margin-bottom: 100px !important;}&#8221;][vc_column width=&#8221;1\/2&#8243;][vc_column_text]<\/p>\n<h3>\u015al\u0105ska Prohibicja Restaurant<\/h3>\n<p>&nbsp;<\/p>\n<p>\u015al\u0105ska Prohibicja is a place where the surroundings of Silesian architecture transport Guests to a completely different world. Stylish interiors that can accommodate 200 guests in five rooms, live music played during weekend evenings, weddings, parties or concerts of outstanding musicians \u2013 all this makes the world of \u015al\u0105ska Prohibicja long remembered. And what is most important \u2013 excellent Silesian cuisine in the original interpretation of the Chef, Magdalena Nowaczewska, who won the 5th edition of the MasterChef show on TVN.<\/p>\n<p>The \u015al\u0105ska Prohibicja restaurant provides the highest quality service for events, trainings, conferences and banquets. Expertise, professionalism and individual approach to each event guarantee a satisfying experience.<\/p>\n<p>To make your stay in Katowice even more enjoyable, we encourage you to book a table and spend a charming evening in the \u015al\u0105ska Prohibicja restaurant in Nikiszowiec.[\/vc_column_text][vc_empty_space height=&#8221;50px&#8221;]<a href=\"https:\/\/slaskaprohibicja.pl\/\" target=\"_blank\"  class=\"edgtf-btn edgtf-btn-medium edgtf-btn-outline edgtf-has-hover\"  >\n    <span class=\"edgtf-btn-text\">Website of \u015al\u0105ska Prohibicja<\/span>    <span class=\"edgtf-btn-background-holder\" ><\/span>\n    <span class=\"edgtf-btn-background-hover-holder\" ><\/span>\n<\/a>[vc_empty_space height=&#8221;20px&#8221;]<a href=\"tel:+48327232899\" target=\"_blank\"  class=\"edgtf-btn edgtf-btn-medium edgtf-btn-outline edgtf-has-hover\"  >\n    <span class=\"edgtf-btn-text\">Reservations: (32) 723 28 99<\/span>    <span class=\"edgtf-btn-background-holder\" ><\/span>\n    <span class=\"edgtf-btn-background-hover-holder\" ><\/span>\n<\/a>[\/vc_column][vc_column width=&#8221;1\/2&#8243;][vc_gallery type=&#8221;image_grid&#8221; images=&#8221;6580,6581,6582,6583,6584,6585&#8243; img_size=&#8221;medium&#8221;][\/vc_column][\/vc_row]<\/p>\n<\/div>","protected":false},"excerpt":{"rendered":"<p>[vc_row css=&#8221;.vc_custom_1559931614021{margin-top: -150px !important;}&#8221;][vc_column][rev_slider_vc alias=&#8221;catering_en&#8221;][\/vc_column][\/vc_row][vc_row content_width=&#8221;grid&#8221; css=&#8221;.vc_custom_1559931629216{margin-top: 100px !important;margin-bottom: 100px !important;}&#8221;][vc_column width=&#8221;1\/2&#8243;][vc_column_text] \u015al\u0105ska Prohibicja Restaurant &nbsp; \u015al\u0105ska Prohibicja is a place where the surroundings of Silesian architecture transport Guests to a completely different world. Stylish interiors that can accommodate 200 guests in five rooms, live&#8230;<\/p>\n","protected":false},"author":9,"featured_media":0,"parent":0,"menu_order":0,"comment_status":"closed","ping_status":"closed","template":"full-width.php","meta":{"footnotes":""},"class_list":["post-6637","page","type-page","status-publish","hentry"],"_links":{"self":[{"href":"https:\/\/hornigold.pl\/index.php?rest_route=\/wp\/v2\/pages\/6637","targetHints":{"allow":["GET"]}}],"collection":[{"href":"https:\/\/hornigold.pl\/index.php?rest_route=\/wp\/v2\/pages"}],"about":[{"href":"https:\/\/hornigold.pl\/index.php?rest_route=\/wp\/v2\/types\/page"}],"author":[{"embeddable":true,"href":"https:\/\/hornigold.pl\/index.php?rest_route=\/wp\/v2\/users\/9"}],"replies":[{"embeddable":true,"href":"https:\/\/hornigold.pl\/index.php?rest_route=%2Fwp%2Fv2%2Fcomments&post=6637"}],"version-history":[{"count":0,"href":"https:\/\/hornigold.pl\/index.php?rest_route=\/wp\/v2\/pages\/6637\/revisions"}],"wp:attachment":[{"href":"https:\/\/hornigold.pl\/index.php?rest_route=%2Fwp%2Fv2%2Fmedia&parent=6637"}],"curies":[{"name":"wp","href":"https:\/\/api.w.org\/{rel}","templated":true}]}}